{"id":8341,"date":"2025-01-26T06:19:14","date_gmt":"2025-01-26T06:19:14","guid":{"rendered":"https:\/\/arishotel.ro\/kontakt\/"},"modified":"2025-07-22T14:33:01","modified_gmt":"2025-07-22T14:33:01","slug":"kontakt","status":"publish","type":"page","link":"https:\/\/arishotel.ro\/de\/kontakt\/","title":{"rendered":"Kontakt"},"content":{"rendered":"\t\t<div data-elementor-type=\"wp-page\" data-elementor-id=\"8341\" class=\"elementor elementor-8341 elementor-3117\" data-elementor-post-type=\"page\">\n\t\t\t\t<div class=\"elementor-element elementor-element-4d4ffa7 e-flex e-con-boxed tm-col-stretched-none tm-bg-color-over-image e-con e-parent\" data-id=\"4d4ffa7\" data-element_type=\"container\">\n\t\t\t\t\t<div class=\"e-con-inner\">\n\t\t<div class=\"elementor-element elementor-element-c1b0d07 e-con-full e-flex tm-col-stretched-none tm-bg-color-over-image e-con e-child\" data-id=\"c1b0d07\" data-element_type=\"container\">\n\t\t<div class=\"elementor-element elementor-element-5621d90 e-con-full e-flex tm-col-stretched-none tm-bg-color-over-image e-con e-child\" data-id=\"5621d90\" data-element_type=\"container\">\n\t\t\t\t<div class=\"elementor-element elementor-element-38812bc horizontal-line-align-left vertical-line-align-bottom elementor-widget elementor-widget-tm-ele-section-title\" data-id=\"38812bc\" data-element_type=\"widget\" data-widget_type=\"tm-ele-section-title.default\">\n\t\t\t\t<div class=\"elementor-widget-container\">\n\t\t\t\t\t<div class=\"tm-sc-section-title section-title \">\r\n\t<div class=\"title-wrapper\">\r\n\t\t\t\t\r\n\r\n<div class=\"sub-title-outer\">\r\n\t\t<div class=\"subtitle \">\r\n\r\n\t\t\r\n\t\tF\u00fcr personalisierte Angebote\t<\/div>\r\n\t<\/div>\t\t\t<h2 class=\"title \">\r\n\r\n\t\t\r\n\t\t\t\t<span class=\"title-part1 \">F\u00fcllen Sie das Formular aus<\/span>\r\n\t\t\t\t\r\n\t\t\r\n\t<\/h2>\r\n\t<div class=\"title-seperator-line\"><\/div>\t\t\t\t\t\t<\/div>\r\n<\/div>\t\t\t\t<\/div>\n\t\t\t\t<\/div>\n\t\t\t\t<div class=\"elementor-element elementor-element-3046c2e tm-contact-form-7-button-align-left tm-contact-form-7-button-custom elementor-widget elementor-widget-tm-ele-contact-form-7\" data-id=\"3046c2e\" data-element_type=\"widget\" data-widget_type=\"tm-ele-contact-form-7.default\">\n\t\t\t\t<div class=\"elementor-widget-container\">\n\t\t\t\t\t<div class=\"tm-contact-form-7-wrapper\">\r\n\t\t\t\t<div class=\"tm-contact-form tm-contact-form-7 tm-contact-form-3046c2e placeholder-show tm-contact-form-align-default\">\n<div class=\"wpcf7 no-js\" id=\"wpcf7-f8335-o1\" lang=\"de-DE\" dir=\"ltr\" data-wpcf7-id=\"8335\">\n<div class=\"screen-reader-response\"><p role=\"status\" aria-live=\"polite\" aria-atomic=\"true\"><\/p> <ul><\/ul><\/div>\n<form action=\"\/de\/wp-json\/wp\/v2\/pages\/8341#wpcf7-f8335-o1\" method=\"post\" class=\"wpcf7-form init\" aria-label=\"Kontaktformular\" novalidate=\"novalidate\" data-status=\"init\">\n<fieldset class=\"hidden-fields-container\"><input type=\"hidden\" name=\"_wpcf7\" value=\"8335\" \/><input type=\"hidden\" name=\"_wpcf7_version\" value=\"6.1.4\" \/><input type=\"hidden\" name=\"_wpcf7_locale\" value=\"de_DE\" \/><input type=\"hidden\" name=\"_wpcf7_unit_tag\" value=\"wpcf7-f8335-o1\" \/><input type=\"hidden\" name=\"_wpcf7_container_post\" value=\"0\" \/><input type=\"hidden\" name=\"_wpcf7_posted_data_hash\" value=\"\" \/>\n<\/fieldset>\n<div class=\"contact\">\n  <div class=\"row g-3\">\n    <div class=\"col-sm-6\">\n <span class=\"wpcf7-form-control-wrap\" data-name=\"your-name\"><input size=\"40\" maxlength=\"400\" class=\"wpcf7-form-control wpcf7-text wpcf7-validates-as-required form-control\" aria-required=\"true\" aria-invalid=\"false\" placeholder=\"Name\" value=\"\" type=\"text\" name=\"your-name\" \/><\/span>\n    <\/div>\n    <div class=\"col-sm-6\">\n <span class=\"wpcf7-form-control-wrap\" data-name=\"your-email\"><input size=\"40\" maxlength=\"400\" class=\"wpcf7-form-control wpcf7-email wpcf7-validates-as-required wpcf7-text wpcf7-validates-as-email form-control\" aria-required=\"true\" aria-invalid=\"false\" placeholder=\"Email\" value=\"\" type=\"email\" name=\"your-email\" \/><\/span>\n    <\/div>\n\t<div class=\"col-sm-6\">\n <span class=\"wpcf7-form-control-wrap\" data-name=\"your-Check1\"><input size=\"40\" maxlength=\"400\" class=\"wpcf7-form-control wpcf7-text wpcf7-validates-as-required form-control\" aria-required=\"true\" aria-invalid=\"false\" placeholder=\"Einchecken\" value=\"\" type=\"text\" name=\"your-Check1\" \/><\/span>\n    <\/div>\n    <div class=\"col-sm-6\">\n <span class=\"wpcf7-form-control-wrap\" data-name=\"your-Check2\"><input size=\"40\" maxlength=\"400\" class=\"wpcf7-form-control wpcf7-text wpcf7-validates-as-required form-control\" aria-required=\"true\" aria-invalid=\"false\" placeholder=\"Auschecken\" value=\"\" type=\"text\" name=\"your-Check2\" \/><\/span>\n    <\/div>\n    <div class=\"col-sm-12\">\n<span class=\"wpcf7-form-control-wrap\" data-name=\"your-phone\"><input size=\"40\" maxlength=\"400\" class=\"wpcf7-form-control wpcf7-text wpcf7-validates-as-required form-control\" aria-required=\"true\" aria-invalid=\"false\" placeholder=\"Telefonnummer\" value=\"\" type=\"text\" name=\"your-phone\" \/><\/span><\/div>\n<div class=\"col-sm-12\">\n <span class=\"wpcf7-form-control-wrap\" data-name=\"your-message\"><textarea cols=\"40\" rows=\"7\" maxlength=\"2000\" class=\"wpcf7-form-control wpcf7-textarea wpcf7-validates-as-required form-control\" aria-required=\"true\" aria-invalid=\"false\" placeholder=\"Nachricht\" name=\"your-message\"><\/textarea><\/span>\n    <\/div>\n    <div class=\"col-sm-12\">\n        \n        <input class=\"wpcf7-form-control wpcf7-submit has-spinner btn btn-theme-colored2\" type=\"submit\" value=\"Senden Sie Ihre Nachricht!\" \/>\n    <\/div>\n  <\/div>\n<\/div><div class=\"wpcf7-response-output\" aria-hidden=\"true\"><\/div>\n<\/form>\n<\/div>\n<\/div>\r\n\t\t\t<\/div>\t\t\t\t<\/div>\n\t\t\t\t<\/div>\n\t\t\t\t<\/div>\n\t\t<div class=\"elementor-element elementor-element-9fb0454 e-con-full e-flex tm-col-stretched-none tm-bg-color-over-image e-con e-child\" data-id=\"9fb0454\" data-element_type=\"container\">\n\t\t\t\t<div class=\"elementor-element elementor-element-b271d44 horizontal-line-align-left vertical-line-align-bottom elementor-widget elementor-widget-tm-ele-section-title\" data-id=\"b271d44\" data-element_type=\"widget\" data-widget_type=\"tm-ele-section-title.default\">\n\t\t\t\t<div class=\"elementor-widget-container\">\n\t\t\t\t\t<div class=\"tm-sc-section-title section-title \">\r\n\t<div class=\"title-wrapper\">\r\n\t\t\t\t\r\n\r\n<div class=\"sub-title-outer\">\r\n\t\t<div class=\"subtitle \">\r\n\r\n\t\t\r\n\t\tSie ben\u00f6tigen Informationen?\t<\/div>\r\n\t<\/div>\t\t\t<h2 class=\"title \">\r\n\r\n\t\t\r\n\t\t\t\t<span class=\"title-part1 \">Kontaktieren Sie uns!<\/span>\r\n\t\t\t\t\r\n\t\t\r\n\t<\/h2>\r\n\t<div class=\"title-seperator-line\"><\/div>\t\t\t\t\t\t<\/div>\r\n<\/div>\t\t\t\t<\/div>\n\t\t\t\t<\/div>\n\t\t\t\t<div class=\"elementor-element elementor-element-36280e3 elementor-widget elementor-widget-tm-ele-text-editor\" data-id=\"36280e3\" data-element_type=\"widget\" data-widget_type=\"tm-ele-text-editor.default\">\n\t\t\t\t<div class=\"elementor-widget-container\">\n\t\t\t\t\t\t\t<div class=\"tm-text-editor\">\r\n\t\t<p>Kontaktieren Sie uns f\u00fcr Reservierungen, Fragen oder Informationen \u00fcber Ihren Aufenthalt im Aris Boutique Hotel.<\/p>\t\t<\/div>\r\n\t\t\t\t\t<\/div>\n\t\t\t\t<\/div>\n\t\t\t\t<div class=\"elementor-element elementor-element-072a430 elementor-widget elementor-widget-tm-ele-iconbox\" data-id=\"072a430\" data-element_type=\"widget\" data-widget_type=\"tm-ele-iconbox.default\">\n\t\t\t\t<div class=\"elementor-widget-container\">\n\t\t\t\t\t<div class=\"tm-sc-icon-box icon-box icon-left font-icon icon-default icon-left\">\r\n\t\r\n  \t<div class=\"icon-box-wrapper\">\r\n\t\t\r\n\t\t<div class=\"icon-wrapper\">\r\n\t\t<div class=\"icon icon-default icon-type-font-icon icon-md\">\r\n\t\t\t<i aria-hidden=\"true\" class=\" flaticon-common-call-3\"><\/i>\t\t<\/div>\r\n\r\n\t\t\t<\/div>\r\n\t\t\t<div class=\"icon-text\">\r\n\t\t\t\t\t\t\r\n\t\t\t\t<h4 class=\"icon-box-title \">\r\n\t\t\t\t\t\t\tTelefonischer Kontakt\t\t\t\t\t<\/h4>\r\n\t\t\t\t\t<div class=\"content\"><p><a href=\"tel:+40 773 773 550\">\u00a0+40 773 773 550<\/a><\/p><p><a href=\"tel:+40 359 451 515\">+40 359 451 515<\/a><\/p><\/div>\r\n\t\t\t\r\n\t\t\t\r\n\t\r\n\t\t\t\t\t<\/div>\r\n\t\t<div class=\"clearfix\"><\/div>\r\n\t<\/div>\r\n<\/div>\t\t\t\t<\/div>\n\t\t\t\t<\/div>\n\t\t\t\t<div class=\"elementor-element elementor-element-b035630 elementor-widget elementor-widget-tm-ele-iconbox\" data-id=\"b035630\" data-element_type=\"widget\" data-widget_type=\"tm-ele-iconbox.default\">\n\t\t\t\t<div class=\"elementor-widget-container\">\n\t\t\t\t\t<div class=\"tm-sc-icon-box icon-box icon-left font-icon icon-default icon-left\">\r\n\t\r\n  \t<div class=\"icon-box-wrapper\">\r\n\t\t\r\n\t\t<div class=\"icon-wrapper\">\r\n\t\t<div class=\"icon icon-default icon-type-font-icon icon-md\">\r\n\t\t\t<i aria-hidden=\"true\" class=\" flaticon-common-email-1\"><\/i>\t\t<\/div>\r\n\r\n\t\t\t<\/div>\r\n\t\t\t<div class=\"icon-text\">\r\n\t\t\t\t\t\t\r\n\t\t\t\t<h4 class=\"icon-box-title \">\r\n\t\t\t\t\t\t\tSchreiben Sie uns eine Nachricht\t\t\t\t\t<\/h4>\r\n\t\t\t\t\t<div class=\"content\"><p><a href=\"mailto:receptie@arishotel.ro\">receptie@arishotel.ro<\/a><\/p><\/div>\r\n\t\t\t\r\n\t\t\t\r\n\t\r\n\t\t\t\t\t<\/div>\r\n\t\t<div class=\"clearfix\"><\/div>\r\n\t<\/div>\r\n<\/div>\t\t\t\t<\/div>\n\t\t\t\t<\/div>\n\t\t\t\t<div class=\"elementor-element elementor-element-468dd3e elementor-widget elementor-widget-tm-ele-iconbox\" data-id=\"468dd3e\" data-element_type=\"widget\" data-widget_type=\"tm-ele-iconbox.default\">\n\t\t\t\t<div class=\"elementor-widget-container\">\n\t\t\t\t\t<div class=\"tm-sc-icon-box icon-box icon-left font-icon icon-default icon-left\">\r\n\t\r\n  \t<div class=\"icon-box-wrapper\">\r\n\t\t\r\n\t\t<div class=\"icon-wrapper\">\r\n\t\t<div class=\"icon icon-default icon-type-font-icon icon-md\">\r\n\t\t\t<i aria-hidden=\"true\" class=\" flaticon-common-location\"><\/i>\t\t<\/div>\r\n\r\n\t\t\t<\/div>\r\n\t\t\t<div class=\"icon-text\">\r\n\t\t\t\t\t\t\r\n\t\t\t\t<h4 class=\"icon-box-title \">\r\n\t\t\t\t\t\t\tHier finden Sie uns\t\t\t\t\t<\/h4>\r\n\t\t\t\t\t<div class=\"content\"><p><a href=\"https:\/\/maps.app.goo.gl\/A5g6DUDPgc1nXZCZ6\" target=\"_blank\" rel=\"noopener\">Romania, Oradea, L\u0103m\u00e2i\u021bei 7<\/a><\/p><\/div>\r\n\t\t\t\r\n\t\t\t\r\n\t\r\n\t\t\t\t\t<\/div>\r\n\t\t<div class=\"clearfix\"><\/div>\r\n\t<\/div>\r\n<\/div>\t\t\t\t<\/div>\n\t\t\t\t<\/div>\n\t\t\t\t<\/div>\n\t\t\t\t<\/div>\n\t\t\t\t\t<\/div>\n\t\t\t\t<\/div>\n\t\t<div class=\"elementor-element elementor-element-bb3a12c e-con-full e-flex tm-col-stretched-none tm-bg-color-over-image e-con e-parent\" data-id=\"bb3a12c\" data-element_type=\"container\">\n\t\t\t\t<div class=\"elementor-element elementor-element-52f20d5 elementor-widget elementor-widget-tm-ele-text-editor\" data-id=\"52f20d5\" data-element_type=\"widget\" data-widget_type=\"tm-ele-text-editor.default\">\n\t\t\t\t<div class=\"elementor-widget-container\">\n\t\t\t\t\t\t\t<div class=\"tm-text-editor\">\r\n\t\t<iframe height=\"430\" style=\"filter: grayscale(50%);\" title=\"myFrame\" src=\"https:\/\/www.google.com\/maps\/embed?pb=!1m18!1m12!1m3!1d4133.149645780706!2d21.929422377420586!3d47.06598137114537!2m3!1f0!2f0!3f0!3m2!1i1024!2i768!4f13.1!3m3!1m2!1s0x4746487510476243%3A0x18b76c21f47f6291!2zU3RyYWRhIEzEg23DomnFo2VpIDcsIE9yYWRlYQ!5e1!3m2!1sro!2sro!4v1746566265285!5m2!1sro!2sro\" data-tm-width=\"100%\" allowfullscreen=\"allowfullscreen\"><span data-mce-type=\"bookmark\" style=\"display: inline-block; width: 0px; overflow: hidden; line-height: 0;\" class=\"mce_SELRES_start\"><\/span><span data-mce-type=\"bookmark\" style=\"display: inline-block; width: 0px; overflow: hidden; line-height: 0;\" class=\"mce_SELRES_start\"><\/span><\/iframe>\t\t<\/div>\r\n\t\t\t\t\t<\/div>\n\t\t\t\t<\/div>\n\t\t\t\t<\/div>\n\t\t\t\t<\/div>\n\t\t","protected":false},"excerpt":{"rendered":"<p>F\u00fcr personalisierte Angebote F\u00fcllen Sie das Formular aus Sie ben\u00f6tigen Informationen? Kontaktieren Sie uns! Kontaktieren Sie uns f\u00fcr Reservierungen, Fragen&#8230;<\/p>\n","protected":false},"author":1,"featured_media":0,"parent":0,"menu_order":0,"comment_status":"closed","ping_status":"closed","template":"","meta":{"footnotes":""},"class_list":["post-8341","page","type-page","status-publish","hentry"],"aioseo_notices":[],"_links":{"self":[{"href":"https:\/\/arishotel.ro\/de\/wp-json\/wp\/v2\/pages\/8341","targetHints":{"allow":["GET"]}}],"collection":[{"href":"https:\/\/arishotel.ro\/de\/wp-json\/wp\/v2\/pages"}],"about":[{"href":"https:\/\/arishotel.ro\/de\/wp-json\/wp\/v2\/types\/page"}],"author":[{"embeddable":true,"href":"https:\/\/arishotel.ro\/de\/wp-json\/wp\/v2\/users\/1"}],"replies":[{"embeddable":true,"href":"https:\/\/arishotel.ro\/de\/wp-json\/wp\/v2\/comments?post=8341"}],"version-history":[{"count":8,"href":"https:\/\/arishotel.ro\/de\/wp-json\/wp\/v2\/pages\/8341\/revisions"}],"predecessor-version":[{"id":8484,"href":"https:\/\/arishotel.ro\/de\/wp-json\/wp\/v2\/pages\/8341\/revisions\/8484"}],"wp:attachment":[{"href":"https:\/\/arishotel.ro\/de\/wp-json\/wp\/v2\/media?parent=8341"}],"curies":[{"name":"wp","href":"https:\/\/api.w.org\/{rel}","templated":true}]}}