{"id":6259,"date":"2025-07-08T13:10:49","date_gmt":"2025-07-08T13:10:49","guid":{"rendered":"https:\/\/arishotel.ro\/?page_id=6259"},"modified":"2025-07-08T13:14:23","modified_gmt":"2025-07-08T13:14:23","slug":"termeni-si-conditii","status":"publish","type":"page","link":"https:\/\/arishotel.ro\/hu\/termeni-si-conditii\/","title":{"rendered":"Termeni \u0219i condi\u021bii"},"content":{"rendered":"\t\t<div data-elementor-type=\"wp-page\" data-elementor-id=\"6259\" class=\"elementor elementor-6259\" data-elementor-post-type=\"page\">\n\t\t\t\t<div class=\"elementor-element elementor-element-7223ee8c e-flex e-con-boxed tm-col-stretched-none tm-bg-color-over-image e-con e-parent\" data-id=\"7223ee8c\" data-element_type=\"container\">\n\t\t\t\t\t<div class=\"e-con-inner\">\n\t\t\t\t\t<\/div>\n\t\t\t\t<\/div>\n\t\t<div class=\"elementor-element elementor-element-f53a4a9 e-flex e-con-boxed tm-col-stretched-none tm-bg-color-over-image e-con e-parent\" data-id=\"f53a4a9\" data-element_type=\"container\">\n\t\t\t\t\t<div class=\"e-con-inner\">\n\t\t\t\t<div class=\"elementor-element elementor-element-ee5930a elementor-widget elementor-widget-text-editor\" data-id=\"ee5930a\" data-element_type=\"widget\" data-widget_type=\"text-editor.default\">\n\t\t\t\t<div class=\"elementor-widget-container\">\n\t\t\t\t\t\t\t\t\t<h2 data-start=\"353\" data-end=\"379\"><strong data-start=\"356\" data-end=\"379\">Termeni \u0219i Condi\u021bii<\/strong><\/h2><p data-start=\"421\" data-end=\"681\">Bine a\u021bi venit pe site-ul oficial al <strong data-start=\"458\" data-end=\"494\">Aris Boutique Hotel &amp; SPA Oradea<\/strong>. V\u0103 rug\u0103m s\u0103 citi\u021bi cu aten\u021bie ace\u0219ti Termeni \u0219i Condi\u021bii \u00eenainte de a utiliza acest site. Prin accesarea \u0219i utilizarea site-ului nostru, sunte\u021bi de acord cu termenii men\u021biona\u021bi mai jos.<\/p><hr data-start=\"683\" data-end=\"686\" \/><h3 data-start=\"688\" data-end=\"718\"><strong data-start=\"692\" data-end=\"718\">1. Informa\u021bii generale<\/strong><\/h3><p data-start=\"720\" data-end=\"966\">Site-ul <a rel=\"noopener\" target=\"_new\" class=\"\" data-start=\"728\" data-end=\"744\" href=\"http:\/\/www.arishotel.ro\">www.arishotel.ro<\/a> este de\u021binut \u0219i operat de <strong data-start=\"771\" data-end=\"797\">SC BANCAR SA<\/strong>, cu sediul \u00een Oradea, Str. L\u0103m\u00e2i\u021bei, Nr. 7, CUI 3392901, num\u0103r de inregistrare la registru comer\u021bului <span>J2024001804050\u00a0<\/span>. Acest site are scopul de a furniza informa\u021bii despre serviciile oferite de Aris Boutique Hotel &amp; SPA \u0219i de a facilita rezerv\u0103rile online.<\/p><hr data-start=\"968\" data-end=\"971\" \/><h3 data-start=\"973\" data-end=\"1002\"><strong data-start=\"977\" data-end=\"1002\">2. Rezerv\u0103ri \u0219i Pl\u0103\u021bi<\/strong><\/h3><ul data-start=\"1004\" data-end=\"1297\"><li data-start=\"1004\" data-end=\"1069\"><p data-start=\"1006\" data-end=\"1069\">Rezerv\u0103rile pot fi efectuate online, prin e-mail sau telefonic.<\/p><\/li><li data-start=\"1070\" data-end=\"1205\"><p data-start=\"1072\" data-end=\"1205\">Pentru garantarea rezerv\u0103rii, este posibil s\u0103 fie solicitat\u0103 plata unui avans sau a \u00eentregii sume, \u00een func\u021bie de condi\u021biile tarifare.<\/p><\/li><li data-start=\"1206\" data-end=\"1297\"><p data-start=\"1208\" data-end=\"1297\">Confirmarea rezerv\u0103rii se face doar dup\u0103 \u00eencasarea pl\u0103\u021bii conform condi\u021biilor comunicate.<\/p><\/li><\/ul><hr data-start=\"1299\" data-end=\"1302\" \/><h3 data-start=\"1304\" data-end=\"1336\"><strong data-start=\"1308\" data-end=\"1336\">3. Check-in \u0219i Check-out<\/strong><\/h3><ul data-start=\"1338\" data-end=\"1505\"><li data-start=\"1338\" data-end=\"1377\"><p data-start=\"1340\" data-end=\"1377\"><strong data-start=\"1340\" data-end=\"1352\">Check-in<\/strong>: \u00eencep\u00e2nd cu ora 15:00<\/p><\/li><li data-start=\"1378\" data-end=\"1412\"><p data-start=\"1380\" data-end=\"1412\"><strong data-start=\"1380\" data-end=\"1393\">Check-out<\/strong>: p\u00e2n\u0103 la ora 11:00<\/p><\/li><li data-start=\"1413\" data-end=\"1505\"><p data-start=\"1415\" data-end=\"1505\">Pentru check-out \u00eent\u00e2rziat se pot aplica taxe suplimentare, \u00een func\u021bie de disponibilitate.<\/p><\/li><\/ul><hr data-start=\"1507\" data-end=\"1510\" \/><h3 data-start=\"1512\" data-end=\"1546\"><strong data-start=\"1516\" data-end=\"1546\">4. Anul\u0103ri \u0219i Neprezent\u0103ri<\/strong><\/h3><ul data-start=\"1548\" data-end=\"1936\"><li data-start=\"1548\" data-end=\"1628\"><p data-start=\"1550\" data-end=\"1628\">Politica de anulare poate varia \u00een func\u021bie de tipul camerei sau oferta aleas\u0103.<\/p><\/li><li data-start=\"1629\" data-end=\"1854\"><p data-start=\"1631\" data-end=\"1642\">\u00cen general:<\/p><ul data-start=\"1645\" data-end=\"1854\"><li data-start=\"1645\" data-end=\"1732\"><p data-start=\"1647\" data-end=\"1732\">Anul\u0103rile efectuate cu cel pu\u021bin <strong data-start=\"1680\" data-end=\"1693\">48 de ore<\/strong> \u00eenainte de data sosirii sunt gratuite.<\/p><\/li><li data-start=\"1735\" data-end=\"1854\"><p data-start=\"1737\" data-end=\"1854\">Anul\u0103rile mai t\u00e2rzii sau <strong data-start=\"1762\" data-end=\"1780\">neprezent\u0103rile<\/strong> implic\u0103 pierderea avansului sau plata integral\u0103 a primei nop\u021bi de cazare.<\/p><\/li><\/ul><\/li><li data-start=\"1855\" data-end=\"1936\"><p data-start=\"1857\" data-end=\"1936\">Pentru tarife nerambursabile, suma achitat\u0103 nu se returneaz\u0103 \u00een caz de anulare.<\/p><\/li><\/ul><hr data-start=\"1938\" data-end=\"1941\" \/><h3 data-start=\"1943\" data-end=\"1980\"><strong data-start=\"1947\" data-end=\"1980\">5. Comportament \u0219i r\u0103spundere<\/strong><\/h3><ul data-start=\"1982\" data-end=\"2247\"><li data-start=\"1982\" data-end=\"2121\"><p data-start=\"1984\" data-end=\"2121\">Ne rezerv\u0103m dreptul de a refuza cazarea oaspe\u021bilor care au un comportament inadecvat sau care nu respect\u0103 regulile interne ale hotelului.<\/p><\/li><li data-start=\"2122\" data-end=\"2247\"><p data-start=\"2124\" data-end=\"2247\">Clientul este responsabil pentru orice deteriorare cauzat\u0103 bunurilor hotelului \u0219i poate fi obligat la plata desp\u0103gubirilor.<\/p><\/li><\/ul><hr data-start=\"2249\" data-end=\"2252\" \/><h3 data-start=\"2254\" data-end=\"2294\"><strong data-start=\"2258\" data-end=\"2294\">6. Politica de Confiden\u021bialitate<\/strong><\/h3><ul data-start=\"2296\" data-end=\"2619\"><li data-start=\"2296\" data-end=\"2378\"><p data-start=\"2298\" data-end=\"2378\">Respect\u0103m confiden\u021bialitatea datelor cu caracter personal ale clien\u021bilor no\u0219tri.<\/p><\/li><li data-start=\"2379\" data-end=\"2536\"><p data-start=\"2381\" data-end=\"2536\">Informa\u021biile colectate (nume, date de contact, detalii rezervare etc.) sunt utilizate exclusiv pentru procesarea rezerv\u0103rilor \u0219i \u00eembun\u0103t\u0103\u021birea serviciilor.<\/p><\/li><li data-start=\"2537\" data-end=\"2619\"><p data-start=\"2539\" data-end=\"2619\">Datele nu vor fi transmise c\u0103tre ter\u021bi, cu excep\u021bia cazurilor prev\u0103zute de lege.<\/p><\/li><\/ul><hr data-start=\"2621\" data-end=\"2624\" \/><h3 data-start=\"2626\" data-end=\"2657\"><strong data-start=\"2630\" data-end=\"2657\">7. Utilizarea site-ului<\/strong><\/h3><ul data-start=\"2659\" data-end=\"2873\"><li data-start=\"2659\" data-end=\"2768\"><p data-start=\"2661\" data-end=\"2768\">Este interzis\u0103 folosirea con\u021binutului site-ului \u00een scopuri comerciale f\u0103r\u0103 acordul scris al proprietarului.<\/p><\/li><li data-start=\"2769\" data-end=\"2873\"><p data-start=\"2771\" data-end=\"2873\">Ne rezerv\u0103m dreptul de a modifica \u00een orice moment con\u021binutul site-ului, inclusiv tarifele \u0219i ofertele.<\/p><\/li><\/ul><hr data-start=\"2875\" data-end=\"2878\" \/><h3 data-start=\"2880\" data-end=\"2912\"><strong data-start=\"2884\" data-end=\"2912\">8. Limitarea r\u0103spunderii<\/strong><\/h3><ul data-start=\"2914\" data-end=\"3133\"><li data-start=\"2914\" data-end=\"3031\"><p data-start=\"2916\" data-end=\"3031\">Aris Boutique Hotel &amp; SPA nu este responsabil pentru eventuale erori de tipar sau informa\u021bii incomplete de pe site.<\/p><\/li><li data-start=\"3032\" data-end=\"3133\"><p data-start=\"3034\" data-end=\"3133\">\u00cen cazul unor disfunc\u021bionalit\u0103\u021bi tehnice, nu putem garanta disponibilitatea permanent\u0103 a site-ului.<\/p><\/li><\/ul><hr data-start=\"3135\" data-end=\"3138\" \/><h3 data-start=\"3140\" data-end=\"3167\"><strong data-start=\"3144\" data-end=\"3167\">9. Legea aplicabil\u0103<\/strong><\/h3><p data-start=\"3169\" data-end=\"3314\">Ace\u0219ti Termeni \u0219i Condi\u021bii sunt guverna\u021bi de legisla\u021bia din Rom\u00e2nia. Orice disput\u0103 ap\u0103rut\u0103 va fi solu\u021bionat\u0103 de instan\u021bele competente din Oradea.<\/p><hr data-start=\"3316\" data-end=\"3319\" \/><h3 data-start=\"3321\" data-end=\"3340\"><strong data-start=\"3325\" data-end=\"3340\">10. Contact<\/strong><\/h3><p data-start=\"3342\" data-end=\"3434\">Pentru orice \u00eentreb\u0103ri legate de termenii \u0219i condi\u021biile de utilizare, ne pute\u021bi contacta la:<\/p><p data-start=\"3436\" data-end=\"3570\"><strong data-start=\"3436\" data-end=\"3472\">Aris Boutique Hotel &amp; SPA Oradea<\/strong><br data-start=\"3472\" data-end=\"3475\" \/>Email: <a data-start=\"3482\" data-end=\"3502\" class=\"cursor-pointer\" rel=\"noopener\">receptie@arishotel.ro<\/a><br data-start=\"3502\" data-end=\"3505\" \/>Telefon: +40 773 773 550<br data-start=\"3529\" data-end=\"3532\" \/>Adres\u0103: Strada L\u0103m\u00e2i\u021bei, Nr. 7, Oradea, Rom\u00e2nia<\/p>\t\t\t\t\t\t\t\t<\/div>\n\t\t\t\t<\/div>\n\t\t\t\t\t<\/div>\n\t\t\t\t<\/div>\n\t\t\t\t<\/div>\n\t\t","protected":false},"excerpt":{"rendered":"<p>Termeni \u0219i Condi\u021bii Bine a\u021bi venit pe site-ul oficial al Aris Boutique Hotel &amp; SPA Oradea. V\u0103 rug\u0103m s\u0103 citi\u021bi&#8230;<\/p>\n","protected":false},"author":1,"featured_media":0,"parent":0,"menu_order":0,"comment_status":"closed","ping_status":"closed","template":"","meta":{"footnotes":""},"class_list":["post-6259","page","type-page","status-publish","hentry"],"aioseo_notices":[],"_links":{"self":[{"href":"https:\/\/arishotel.ro\/hu\/wp-json\/wp\/v2\/pages\/6259","targetHints":{"allow":["GET"]}}],"collection":[{"href":"https:\/\/arishotel.ro\/hu\/wp-json\/wp\/v2\/pages"}],"about":[{"href":"https:\/\/arishotel.ro\/hu\/wp-json\/wp\/v2\/types\/page"}],"author":[{"embeddable":true,"href":"https:\/\/arishotel.ro\/hu\/wp-json\/wp\/v2\/users\/1"}],"replies":[{"embeddable":true,"href":"https:\/\/arishotel.ro\/hu\/wp-json\/wp\/v2\/comments?post=6259"}],"version-history":[{"count":4,"href":"https:\/\/arishotel.ro\/hu\/wp-json\/wp\/v2\/pages\/6259\/revisions"}],"predecessor-version":[{"id":6263,"href":"https:\/\/arishotel.ro\/hu\/wp-json\/wp\/v2\/pages\/6259\/revisions\/6263"}],"wp:attachment":[{"href":"https:\/\/arishotel.ro\/hu\/wp-json\/wp\/v2\/media?parent=6259"}],"curies":[{"name":"wp","href":"https:\/\/api.w.org\/{rel}","templated":true}]}}