{"id":8296,"date":"2025-01-26T04:49:09","date_gmt":"2025-01-26T04:49:09","guid":{"rendered":"https:\/\/arishotel.ro\/szobak\/"},"modified":"2025-12-15T19:21:37","modified_gmt":"2025-12-15T19:21:37","slug":"szobak","status":"publish","type":"page","link":"https:\/\/arishotel.ro\/hu\/szobak\/","title":{"rendered":"Szob\u00e1k"},"content":{"rendered":"\t\t<div data-elementor-type=\"wp-page\" data-elementor-id=\"8296\" class=\"elementor elementor-8296 elementor-2993\" data-elementor-post-type=\"page\">\n\t\t\t\t<div class=\"elementor-element elementor-element-7f43d4aa e-flex e-con-boxed tm-col-stretched-none tm-bg-color-over-image e-con e-parent\" data-id=\"7f43d4aa\" data-element_type=\"container\" data-settings=\"{&quot;background_background&quot;:&quot;classic&quot;}\">\n\t\t\t\t\t<div class=\"e-con-inner\">\n\t\t<div class=\"elementor-element elementor-element-6d636b0f e-con-full e-flex tm-col-stretched-none tm-bg-color-over-image e-con e-child\" data-id=\"6d636b0f\" data-element_type=\"container\">\n\t\t<div class=\"elementor-element elementor-element-47907d45 e-con-full e-flex tm-col-stretched-none tm-bg-color-over-image elementor-invisible e-con e-child\" data-id=\"47907d45\" data-element_type=\"container\" data-settings=\"{&quot;animation&quot;:&quot;fadeInUp&quot;}\">\n\t\t\t\t<div class=\"elementor-element elementor-element-2fbc14c0 horizontal-line-align-left vertical-line-align-bottom elementor-widget elementor-widget-tm-ele-section-title\" data-id=\"2fbc14c0\" data-element_type=\"widget\" data-widget_type=\"tm-ele-section-title.default\">\n\t\t\t\t<div class=\"elementor-widget-container\">\n\t\t\t\t\t<div class=\"tm-sc-section-title section-title line-both-side-current-theme \">\r\n\t<div class=\"title-wrapper\">\r\n\t\t\t\t\r\n\r\n<div class=\"sub-title-outer\">\r\n\t\t<div class=\"subtitle \">\r\n\r\n\t\t\r\n\t\tSt\u00edlusos, k\u00e9nyelmes \u00e9s kifinomult sz\u00e1ll\u00e1s\t<\/div>\r\n\t<\/div>\t\t\t<h2 class=\"title tm-split-text jobbra-bel\u00fcl megosztott sz\u00f6veg\">\r\n\r\n\t\t\r\n\t\t\t\t<span class=\"title-part1 \">Szob\u00e1k \u00e9s apartmanok<\/span>\r\n\t\t\t\t\r\n\t\t\r\n\t<\/h2>\r\n\t<div class=\"title-seperator-line\"><\/div>\t\t\t\t\t\t<\/div>\r\n<\/div>\t\t\t\t<\/div>\n\t\t\t\t<\/div>\n\t\t\t\t<\/div>\n\t\t<div class=\"elementor-element elementor-element-6ecc1a79 e-con-full tm-col-stretched-none e-flex tm-bg-color-over-image elementor-invisible e-con e-child\" data-id=\"6ecc1a79\" data-element_type=\"container\" data-settings=\"{&quot;animation&quot;:&quot;fadeInUp&quot;}\">\n\t\t<div class=\"elementor-element elementor-element-5c40fbd8 e-con-full tm-col-stretched-none e-flex tm-bg-color-over-image e-con e-child\" data-id=\"5c40fbd8\" data-element_type=\"container\">\n\t\t<div class=\"elementor-element elementor-element-138b9d17 e-con-full e-flex tm-col-stretched-none tm-bg-color-over-image e-con e-child\" data-id=\"138b9d17\" data-element_type=\"container\">\n\t\t\t\t<div class=\"elementor-element elementor-element-138d9c3 elementor-widget elementor-widget-tm-ele-room-block\" data-id=\"138d9c3\" data-element_type=\"widget\" data-widget_type=\"tm-ele-room-block.skin-current-theme1\">\n\t\t\t\t<div class=\"elementor-widget-container\">\n\t\t\t\t\t\t<div class=\"tm-sc-room-block tm-sc-room-block-grid woocommerce  img-position-right\">\r\n\t\t\r\n\t\r\n\t\t<!-- Isotope Gallery Grid -->\r\n\t\t<div id=\"room-product-holder-385905\" class=\"isotope-layout products grid-1 gutter-10 clearfix\">\r\n\t\t\t<div class=\"isotope-layout-inner\">\r\n\r\n                <!-- the loop -->\r\n                                                <div class=\"isotope-item \">\r\n                    <div class=\"room-block-current-theme1\">\r\n  <div class=\"inner-box\">\r\n    <div class=\"image-box\">\r\n      <figure class=\"image-2 overlay-anim\">\r\n        <img fetchpriority=\"high\" decoding=\"async\" width=\"1100\" height=\"550\" src=\"https:\/\/arishotel.ro\/wp-content\/uploads\/2025\/01\/standard-matrimoniala-3021-1-1100x550.png\" class=\"img-fullwidth wp-post-image\" alt=\"\" \/>      <\/figure>\r\n    <\/div>\r\n    <div class=\"content-box\">\r\n      <h6 class=\"title\"><a href=\"https:\/\/arishotel.ro\/hu\/room\/standard-szoba\/\">Standard szoba<\/a><\/h6>\r\n      <span class=\"price\">96 \u20ac \/ Night<\/span>\r\n    <\/div>\r\n        <div class=\"box-caption\">\r\n      <a href=\"https:\/\/arishotel.ro\/hu\/room\/standard-szoba\/\" class=\"book-btn\">Rezerv\u0103 acum!<\/a>\r\n          <\/div>\r\n      <\/div>\r\n<\/div>                <\/div>\r\n                                <!-- end of the loop -->\r\n\t\t\t<\/div>\r\n\t\t<\/div>\r\n\t\t\t<\/div>\r\n\r\n\t\t\t\t<\/div>\n\t\t\t\t<\/div>\n\t\t\t\t<\/div>\n\t\t<div class=\"elementor-element elementor-element-4a92b50e e-con-full tm-col-stretched-none e-flex tm-bg-color-over-image e-con e-child\" data-id=\"4a92b50e\" data-element_type=\"container\">\n\t\t\t\t<div class=\"elementor-element elementor-element-20d04be4 elementor-widget elementor-widget-tm-ele-room-block\" data-id=\"20d04be4\" data-element_type=\"widget\" data-widget_type=\"tm-ele-room-block.skin-current-theme1\">\n\t\t\t\t<div class=\"elementor-widget-container\">\n\t\t\t\t\t\t<div class=\"tm-sc-room-block tm-sc-room-block-grid woocommerce  img-position-right\">\r\n\t\t\r\n\t\r\n\t\t<!-- Isotope Gallery Grid -->\r\n\t\t<div id=\"room-product-holder-262102\" class=\"isotope-layout products grid-1 gutter-10 clearfix\">\r\n\t\t\t<div class=\"isotope-layout-inner\">\r\n\r\n                <!-- the loop -->\r\n                                                <div class=\"isotope-item \">\r\n                    <div class=\"room-block-current-theme1\">\r\n  <div class=\"inner-box\">\r\n    <div class=\"image-box\">\r\n      <figure class=\"image-2 overlay-anim\">\r\n        <img decoding=\"async\" width=\"1100\" height=\"550\" src=\"https:\/\/arishotel.ro\/wp-content\/uploads\/2025\/05\/ChatGPT-Image-Jun-12-2025-03_22_42-PM-1100x550.png\" class=\"img-fullwidth wp-post-image\" alt=\"\" \/>      <\/figure>\r\n    <\/div>\r\n    <div class=\"content-box\">\r\n      <h6 class=\"title\"><a href=\"https:\/\/arishotel.ro\/hu\/room\/a-felso-szoba\/\">A fels\u0151 szoba<\/a><\/h6>\r\n      <span class=\"price\">120 \u20ac \/ Night<\/span>\r\n    <\/div>\r\n        <div class=\"box-caption\">\r\n      <a href=\"https:\/\/arishotel.ro\/hu\/room\/a-felso-szoba\/\" class=\"book-btn\">Rezerv\u0103 acum!<\/a>\r\n          <\/div>\r\n      <\/div>\r\n<\/div>                <\/div>\r\n                                <!-- end of the loop -->\r\n\t\t\t<\/div>\r\n\t\t<\/div>\r\n\t\t\t<\/div>\r\n\r\n\t\t\t\t<\/div>\n\t\t\t\t<\/div>\n\t\t\t\t<\/div>\n\t\t\t\t<\/div>\n\t\t<div class=\"elementor-element elementor-element-25413267 e-con-full e-flex tm-col-stretched-none tm-bg-color-over-image e-con e-child\" data-id=\"25413267\" data-element_type=\"container\">\n\t\t<div class=\"elementor-element elementor-element-5494ebd3 e-con-full e-flex tm-col-stretched-none tm-bg-color-over-image e-con e-child\" data-id=\"5494ebd3\" data-element_type=\"container\">\n\t\t\t\t<div class=\"elementor-element elementor-element-2926a887 elementor-widget elementor-widget-tm-ele-room-block\" data-id=\"2926a887\" data-element_type=\"widget\" data-widget_type=\"tm-ele-room-block.skin-current-theme1\">\n\t\t\t\t<div class=\"elementor-widget-container\">\n\t\t\t\t\t\t<div class=\"tm-sc-room-block tm-sc-room-block-grid woocommerce  img-position-right\">\r\n\t\t\r\n\t\r\n\t\t<!-- Isotope Gallery Grid -->\r\n\t\t<div id=\"room-product-holder-663097\" class=\"isotope-layout products grid-1 gutter-10 clearfix\">\r\n\t\t\t<div class=\"isotope-layout-inner\">\r\n\r\n                <!-- the loop -->\r\n                                                <div class=\"isotope-item \">\r\n                    <div class=\"room-block-current-theme1\">\r\n  <div class=\"inner-box\">\r\n    <div class=\"image-box\">\r\n      <figure class=\"image-2 overlay-anim\">\r\n        <img decoding=\"async\" width=\"600\" height=\"800\" src=\"https:\/\/arishotel.ro\/wp-content\/uploads\/2025\/05\/WhatsApp-Image-2025-06-29-at-15.29.15-3-600x800.jpeg\" class=\"img-fullwidth wp-post-image\" alt=\"\" srcset=\"https:\/\/arishotel.ro\/wp-content\/uploads\/2025\/05\/WhatsApp-Image-2025-06-29-at-15.29.15-3-600x800.jpeg 600w, https:\/\/arishotel.ro\/wp-content\/uploads\/2025\/05\/WhatsApp-Image-2025-06-29-at-15.29.15-3-400x532.jpeg 400w\" sizes=\"255px\" data-kodelisting-lazy-load-sizes=\"(max-width: 600px) 100vw, 600px\" data-kodelisting-loading-image=\"on\" \/>      <\/figure>\r\n    <\/div>\r\n    <div class=\"content-box\">\r\n      <h6 class=\"title\"><a href=\"https:\/\/arishotel.ro\/hu\/room\/business-executive-szoba\/\">Business &amp; Executive szoba<\/a><\/h6>\r\n      <span class=\"price\">116 \u20ac \/ Night<\/span>\r\n    <\/div>\r\n        <div class=\"box-caption\">\r\n      <a href=\"https:\/\/arishotel.ro\/hu\/room\/business-executive-szoba\/\" class=\"book-btn\">Rezerv\u0103 acum!<\/a>\r\n          <\/div>\r\n      <\/div>\r\n<\/div>                <\/div>\r\n                                <!-- end of the loop -->\r\n\t\t\t<\/div>\r\n\t\t<\/div>\r\n\t\t\t<\/div>\r\n\r\n\t\t\t\t<\/div>\n\t\t\t\t<\/div>\n\t\t\t\t<\/div>\n\t\t<div class=\"elementor-element elementor-element-4832a4fb e-con-full tm-col-stretched-none e-flex tm-bg-color-over-image e-con e-child\" data-id=\"4832a4fb\" data-element_type=\"container\">\n\t\t\t\t<div class=\"elementor-element elementor-element-38e8947f elementor-widget elementor-widget-tm-ele-room-block\" data-id=\"38e8947f\" data-element_type=\"widget\" data-widget_type=\"tm-ele-room-block.skin-current-theme1\">\n\t\t\t\t<div class=\"elementor-widget-container\">\n\t\t\t\t\t\t<div class=\"tm-sc-room-block tm-sc-room-block-grid woocommerce  img-position-right\">\r\n\t\t\r\n\t\r\n\t\t<!-- Isotope Gallery Grid -->\r\n\t\t<div id=\"room-product-holder-269047\" class=\"isotope-layout products grid-1 gutter-10 clearfix\">\r\n\t\t\t<div class=\"isotope-layout-inner\">\r\n\r\n                <!-- the loop -->\r\n                                                <div class=\"isotope-item \">\r\n                    <div class=\"room-block-current-theme1\">\r\n  <div class=\"inner-box\">\r\n    <div class=\"image-box\">\r\n      <figure class=\"image-2 overlay-anim\">\r\n        <img loading=\"lazy\" decoding=\"async\" width=\"2560\" height=\"1707\" src=\"https:\/\/arishotel.ro\/wp-content\/uploads\/2025\/05\/ArisBoutiqueHotelOradea-151-scaled.jpg\" class=\"img-fullwidth wp-post-image\" alt=\"\" srcset=\"https:\/\/arishotel.ro\/wp-content\/uploads\/2025\/05\/ArisBoutiqueHotelOradea-151-scaled.jpg 2560w, https:\/\/arishotel.ro\/wp-content\/uploads\/2025\/05\/ArisBoutiqueHotelOradea-151-300x200.jpg 300w, https:\/\/arishotel.ro\/wp-content\/uploads\/2025\/05\/ArisBoutiqueHotelOradea-151-1024x683.jpg 1024w, https:\/\/arishotel.ro\/wp-content\/uploads\/2025\/05\/ArisBoutiqueHotelOradea-151-768x512.jpg 768w, https:\/\/arishotel.ro\/wp-content\/uploads\/2025\/05\/ArisBoutiqueHotelOradea-151-1536x1024.jpg 1536w, https:\/\/arishotel.ro\/wp-content\/uploads\/2025\/05\/ArisBoutiqueHotelOradea-151-2048x1365.jpg 2048w, https:\/\/arishotel.ro\/wp-content\/uploads\/2025\/05\/ArisBoutiqueHotelOradea-151-672x448.jpg 672w, https:\/\/arishotel.ro\/wp-content\/uploads\/2025\/05\/ArisBoutiqueHotelOradea-151-600x400.jpg 600w\" sizes=\"255px\" data-kodelisting-lazy-load-sizes=\"(max-width: 2560px) 100vw, 2560px\" data-kodelisting-loading-image=\"on\" \/>      <\/figure>\r\n    <\/div>\r\n    <div class=\"content-box\">\r\n      <h6 class=\"title\"><a href=\"https:\/\/arishotel.ro\/hu\/room\/csaladi-lakosztaly\/\">Csal\u00e1di lakoszt\u00e1ly<\/a><\/h6>\r\n      <span class=\"price\">136 \u20ac \/ Night<\/span>\r\n    <\/div>\r\n        <div class=\"box-caption\">\r\n      <a href=\"https:\/\/arishotel.ro\/hu\/room\/csaladi-lakosztaly\/\" class=\"book-btn\">Rezerv\u0103 acum!<\/a>\r\n          <\/div>\r\n      <\/div>\r\n<\/div>                <\/div>\r\n                                <!-- end of the loop -->\r\n\t\t\t<\/div>\r\n\t\t<\/div>\r\n\t\t\t<\/div>\r\n\r\n\t\t\t\t<\/div>\n\t\t\t\t<\/div>\n\t\t\t\t<\/div>\n\t\t<div class=\"elementor-element elementor-element-6ff68c15 e-con-full e-flex tm-col-stretched-none tm-bg-color-over-image e-con e-child\" data-id=\"6ff68c15\" data-element_type=\"container\">\n\t\t\t\t<div class=\"elementor-element elementor-element-6592aeff elementor-widget elementor-widget-tm-ele-room-block\" data-id=\"6592aeff\" data-element_type=\"widget\" data-widget_type=\"tm-ele-room-block.skin-current-theme1\">\n\t\t\t\t<div class=\"elementor-widget-container\">\n\t\t\t\t\t\t<div class=\"tm-sc-room-block tm-sc-room-block-grid woocommerce  img-position-right\">\r\n\t\t\r\n\t\r\n\t\t<!-- Isotope Gallery Grid -->\r\n\t\t<div id=\"room-product-holder-978733\" class=\"isotope-layout products grid-1 gutter-10 clearfix\">\r\n\t\t\t<div class=\"isotope-layout-inner\">\r\n\r\n                <!-- the loop -->\r\n                                                <div class=\"isotope-item \">\r\n                    <div class=\"room-block-current-theme1\">\r\n  <div class=\"inner-box\">\r\n    <div class=\"image-box\">\r\n      <figure class=\"image-2 overlay-anim\">\r\n        <img loading=\"lazy\" decoding=\"async\" width=\"600\" height=\"800\" src=\"https:\/\/arishotel.ro\/wp-content\/uploads\/2025\/05\/camera-superioara-galbena-1-600x800.png\" class=\"img-fullwidth wp-post-image\" alt=\"\" srcset=\"https:\/\/arishotel.ro\/wp-content\/uploads\/2025\/05\/camera-superioara-galbena-1-600x800.png 600w, https:\/\/arishotel.ro\/wp-content\/uploads\/2025\/05\/camera-superioara-galbena-1-400x532.png 400w\" sizes=\"255px\" data-kodelisting-lazy-load-sizes=\"(max-width: 600px) 100vw, 600px\" data-kodelisting-loading-image=\"on\" \/>      <\/figure>\r\n    <\/div>\r\n    <div class=\"content-box\">\r\n      <h6 class=\"title\"><a href=\"https:\/\/arishotel.ro\/hu\/room\/standard-apartman\/\">Standard apartman<\/a><\/h6>\r\n      <span class=\"price\">211 \u20ac \/ Night<\/span>\r\n    <\/div>\r\n        <div class=\"box-caption\">\r\n      <a href=\"https:\/\/arishotel.ro\/hu\/room\/standard-apartman\/\" class=\"book-btn\">Rezerv\u0103 acum!<\/a>\r\n          <\/div>\r\n      <\/div>\r\n<\/div>                <\/div>\r\n                                <!-- end of the loop -->\r\n\t\t\t<\/div>\r\n\t\t<\/div>\r\n\t\t\t<\/div>\r\n\r\n\t\t\t\t<\/div>\n\t\t\t\t<\/div>\n\t\t\t\t<\/div>\n\t\t\t\t<\/div>\n\t\t<div class=\"elementor-element elementor-element-455d96f2 e-con-full tm-col-stretched-none e-flex tm-bg-color-over-image e-con e-child\" data-id=\"455d96f2\" data-element_type=\"container\">\n\t\t<div class=\"elementor-element elementor-element-6382bfb6 e-con-full e-flex tm-col-stretched-none tm-bg-color-over-image e-con e-child\" data-id=\"6382bfb6\" data-element_type=\"container\">\n\t\t\t\t<div class=\"elementor-element elementor-element-6c1564e1 elementor-widget elementor-widget-tm-ele-room-block\" data-id=\"6c1564e1\" data-element_type=\"widget\" data-widget_type=\"tm-ele-room-block.skin-current-theme1\">\n\t\t\t\t<div class=\"elementor-widget-container\">\n\t\t\t\t\t\t<div class=\"tm-sc-room-block tm-sc-room-block-grid woocommerce  img-position-right\">\r\n\t\t\r\n\t\r\n\t\t<!-- Isotope Gallery Grid -->\r\n\t\t<div id=\"room-product-holder-986607\" class=\"isotope-layout products grid-1 gutter-10 clearfix\">\r\n\t\t\t<div class=\"isotope-layout-inner\">\r\n\r\n                <!-- the loop -->\r\n                                                <div class=\"isotope-item \">\r\n                    <div class=\"room-block-current-theme1\">\r\n  <div class=\"inner-box\">\r\n    <div class=\"image-box\">\r\n      <figure class=\"image-2 overlay-anim\">\r\n        <img loading=\"lazy\" decoding=\"async\" width=\"1100\" height=\"550\" src=\"https:\/\/arishotel.ro\/wp-content\/uploads\/2025\/05\/WhatsApp-Image-2025-06-29-at-19.32.12-1-1-1100x550.jpeg\" class=\"img-fullwidth wp-post-image\" alt=\"\" \/>      <\/figure>\r\n    <\/div>\r\n    <div class=\"content-box\">\r\n      <h6 class=\"title\"><a href=\"https:\/\/arishotel.ro\/hu\/room\/superior-apartman\/\">Superior apartman<\/a><\/h6>\r\n      <span class=\"price\">231 \u20ac \/ Night<\/span>\r\n    <\/div>\r\n        <div class=\"box-caption\">\r\n      <a href=\"https:\/\/arishotel.ro\/hu\/room\/superior-apartman\/\" class=\"book-btn\">Rezerv\u0103 acum!<\/a>\r\n          <\/div>\r\n      <\/div>\r\n<\/div>                <\/div>\r\n                                <!-- end of the loop -->\r\n\t\t\t<\/div>\r\n\t\t<\/div>\r\n\t\t\t<\/div>\r\n\r\n\t\t\t\t<\/div>\n\t\t\t\t<\/div>\n\t\t\t\t<\/div>\n\t\t<div class=\"elementor-element elementor-element-33c96a66 e-con-full tm-col-stretched-none e-flex tm-bg-color-over-image e-con e-child\" data-id=\"33c96a66\" data-element_type=\"container\">\n\t\t<div class=\"elementor-element elementor-element-1486359 e-grid e-con-full tm-col-stretched-none tm-bg-color-over-image e-con e-child\" data-id=\"1486359\" data-element_type=\"container\">\n\t\t\t\t<div class=\"elementor-element elementor-element-bca35e2 elementor-widget elementor-widget-tm-ele-room-block\" data-id=\"bca35e2\" data-element_type=\"widget\" data-widget_type=\"tm-ele-room-block.skin-current-theme1\">\n\t\t\t\t<div class=\"elementor-widget-container\">\n\t\t\t\t\t\tSorry, no posts matched your criteria.\t\t\t\t<\/div>\n\t\t\t\t<\/div>\n\t\t\t\t<\/div>\n\t\t\t\t<\/div>\n\t\t\t\t<\/div>\n\t\t\t\t<\/div>\n\t\t\t\t<\/div>\n\t\t\t\t\t<\/div>\n\t\t\t\t<\/div>\n\t\t<div class=\"elementor-element elementor-element-bd2eaf0 e-flex e-con-boxed tm-col-stretched-none tm-bg-color-over-image e-con e-parent\" data-id=\"bd2eaf0\" data-element_type=\"container\">\n\t\t\t\t\t<div class=\"e-con-inner\">\n\t\t\t\t\t<\/div>\n\t\t\t\t<\/div>\n\t\t<div class=\"elementor-element elementor-element-1f0b853 e-flex e-con-boxed tm-col-stretched-none tm-bg-color-over-image e-con e-parent\" data-id=\"1f0b853\" data-element_type=\"container\">\n\t\t\t\t\t<div class=\"e-con-inner\">\n\t\t\t\t\t<\/div>\n\t\t\t\t<\/div>\n\t\t\t\t<\/div>\n\t\t","protected":false},"excerpt":{"rendered":"<p>St\u00edlusos, k\u00e9nyelmes \u00e9s kifinomult sz\u00e1ll\u00e1s Szob\u00e1k \u00e9s apartmanok Camer\u0103 Standard 480 lei \/ Night Rezerv\u0103 acum! Camer\u0103 Superioar\u0103 580 lei&#8230;<\/p>\n","protected":false},"author":1,"featured_media":0,"parent":0,"menu_order":0,"comment_status":"closed","ping_status":"closed","template":"","meta":{"footnotes":""},"class_list":["post-8296","page","type-page","status-publish","hentry"],"aioseo_notices":[],"_links":{"self":[{"href":"https:\/\/arishotel.ro\/hu\/wp-json\/wp\/v2\/pages\/8296","targetHints":{"allow":["GET"]}}],"collection":[{"href":"https:\/\/arishotel.ro\/hu\/wp-json\/wp\/v2\/pages"}],"about":[{"href":"https:\/\/arishotel.ro\/hu\/wp-json\/wp\/v2\/types\/page"}],"author":[{"embeddable":true,"href":"https:\/\/arishotel.ro\/hu\/wp-json\/wp\/v2\/users\/1"}],"replies":[{"embeddable":true,"href":"https:\/\/arishotel.ro\/hu\/wp-json\/wp\/v2\/comments?post=8296"}],"version-history":[{"count":15,"href":"https:\/\/arishotel.ro\/hu\/wp-json\/wp\/v2\/pages\/8296\/revisions"}],"predecessor-version":[{"id":9883,"href":"https:\/\/arishotel.ro\/hu\/wp-json\/wp\/v2\/pages\/8296\/revisions\/9883"}],"wp:attachment":[{"href":"https:\/\/arishotel.ro\/hu\/wp-json\/wp\/v2\/media?parent=8296"}],"curies":[{"name":"wp","href":"https:\/\/api.w.org\/{rel}","templated":true}]}}