{"id":9700,"date":"2025-10-03T11:02:22","date_gmt":"2025-10-03T11:02:22","guid":{"rendered":"https:\/\/arishotel.ro\/?page_id=9700"},"modified":"2025-10-03T11:02:50","modified_gmt":"2025-10-03T11:02:50","slug":"centru-spa","status":"publish","type":"page","link":"https:\/\/arishotel.ro\/hu\/centru-spa\/","title":{"rendered":"SPA"},"content":{"rendered":"\t\t<div data-elementor-type=\"wp-page\" data-elementor-id=\"9700\" class=\"elementor elementor-9700\" data-elementor-post-type=\"page\">\n\t\t\t\t<div class=\"elementor-element elementor-element-24e7c66 e-flex e-con-boxed tm-col-stretched-none tm-bg-color-over-image e-con e-parent\" data-id=\"24e7c66\" data-element_type=\"container\" data-settings=\"{&quot;background_background&quot;:&quot;classic&quot;}\">\n\t\t\t\t\t<div class=\"e-con-inner\">\n\t\t<div class=\"elementor-element elementor-element-42fa39d9 e-con-full e-flex tm-col-stretched-none tm-bg-color-over-image e-con e-child\" data-id=\"42fa39d9\" data-element_type=\"container\">\n\t\t<div class=\"elementor-element elementor-element-69b261a3 e-con-full e-flex tm-col-stretched-none tm-bg-color-over-image e-con e-child\" data-id=\"69b261a3\" data-element_type=\"container\">\n\t\t\t\t<div class=\"elementor-element elementor-element-61939c6a elementor-widget elementor-widget-tm-ele-animated-layers\" data-id=\"61939c6a\" data-element_type=\"widget\" data-widget_type=\"tm-ele-animated-layers.default\">\n\t\t\t\t<div class=\"elementor-widget-container\">\n\t\t\t\t\t\t\t<div class=\"tm-sc-animated-layer-advanced \">\r\n\t\t\t<div class=\"animated-layer-advanced-inner clearfix\">\r\n\t\r\n<div class=\"layer-image-wrapper layer-image tm-item-appear-clip-path-right tm-animation move-left  layer-image-fullwidth elementor-repeater-item-3b1f1ca\" style=\"\">\r\n\t<div class=\"layer-inner layer-image  \">\r\n\t\t<div class=\"layer-image-inner-wrapper image-hover-effect-shine\">\r\n\t\t\t\t\t<img fetchpriority=\"high\" decoding=\"async\" class=\"\" src=\"https:\/\/arishotel.ro\/wp-content\/uploads\/2025\/10\/PHOTO-2025-09-06-14-26-01-2-550x550.jpg\" width=\"550\" height=\"550\" alt=\"\">\r\n\t\t<\/div>\r\n\t<\/div>\r\n<\/div>\r\n\r\n<div class=\"layer-image-wrapper layer-image  layer-image-fullwidth elementor-repeater-item-4c072f4\" style=\"\">\r\n\t<div class=\"layer-inner layer-image  \">\r\n\t\t<div class=\"layer-image-inner-wrapper image-hover-effect-shine\">\r\n\t\t\t\t\t<img decoding=\"async\" class=\"\" src=\"https:\/\/arishotel.ro\/wp-content\/uploads\/2025\/10\/PHOTO-2025-09-06-14-26-02.jpg\" width=\"1600\" height=\"1200\" alt=\"\">\r\n\t\t<\/div>\r\n\t<\/div>\r\n<\/div>\r\n<div class=\"layer-image-wrapper  layer-blank tm-item-appear-clip-path  elementor-repeater-item-a4211a2\" style=\"\">\r\n\t<div class=\"layer-inner\">\r\n\t<\/div>\r\n<\/div>\r\n\t\t\t<\/div>\r\n\t\t\t<div class=\"clearfix\"><\/div>\r\n\t\t<\/div>\r\n\t\t\t\t\t<\/div>\n\t\t\t\t<\/div>\n\t\t\t\t<\/div>\n\t\t<div class=\"elementor-element elementor-element-31f9ddbf e-con-full tm-col-stretched-none e-flex tm-bg-color-over-image elementor-invisible e-con e-child\" data-id=\"31f9ddbf\" data-element_type=\"container\" data-settings=\"{&quot;animation&quot;:&quot;fadeInLeft&quot;}\">\n\t\t\t\t<div class=\"elementor-element elementor-element-614be3fb horizontal-line-align-left vertical-line-align-bottom elementor-widget elementor-widget-tm-ele-section-title\" data-id=\"614be3fb\" data-element_type=\"widget\" data-widget_type=\"tm-ele-section-title.default\">\n\t\t\t\t<div class=\"elementor-widget-container\">\n\t\t\t\t\t<div class=\"tm-sc-section-title section-title line-right-current-theme \">\r\n\t<div class=\"title-wrapper\">\r\n\t\t\t\t\r\n\r\n<div class=\"sub-title-outer\">\r\n\t\t<div class=\"subtitle \">\r\n\r\n\t\t\r\n\t\tAris Boutique Hotel & SPA\t<\/div>\r\n\t<\/div>\t\t\t<h2 class=\"title tm-split-text split-in-right\">\r\n\r\n\t\t\r\n\t\t\t\t<span class=\"title-part1 \">Centru SPA<\/span>\r\n\t\t\t\t\r\n\t\t\r\n\t<\/h2>\r\n\t<div class=\"title-seperator-line\"><\/div>\t\t\t\t\t\t<\/div>\r\n<\/div>\t\t\t\t<\/div>\n\t\t\t\t<\/div>\n\t\t\t\t<div class=\"elementor-element elementor-element-7bd6c562 elementor-widget__width-initial elementor-widget elementor-widget-tm-ele-text-editor\" data-id=\"7bd6c562\" data-element_type=\"widget\" data-widget_type=\"tm-ele-text-editor.default\">\n\t\t\t\t<div class=\"elementor-widget-container\">\n\t\t\t\t\t\t\t<div class=\"tm-text-editor\">\r\n\t\t<p data-start=\"94\" data-end=\"480\">R\u0103sfa\u021b\u0103-\u021bi sim\u021burile \u0219i las\u0103 grijile deoparte \u00een centrul nostru spa intim \u0219i rafinat. Atmosfera lini\u0219tit\u0103 \u0219i facilit\u0103\u021bile moderne \u2013 jacuzzi, fotoliu de masaj \u0219i saun\u0103 finlandez\u0103 \u2013 \u00ee\u021bi ofer\u0103 cadrul ideal pentru relaxare deplin\u0103. Completeaz\u0103 experien\u021ba cu un masaj de relaxare, conceput pentru a elibera tensiunea \u0219i a-\u021bi reda echilibrul interior.<\/p>\t\t<\/div>\r\n\t\t\t\t\t<\/div>\n\t\t\t\t<\/div>\n\t\t<div class=\"elementor-element elementor-element-35d284e0 e-flex e-con-boxed tm-col-stretched-none tm-bg-color-over-image e-con e-child\" data-id=\"35d284e0\" data-element_type=\"container\">\n\t\t\t\t\t<div class=\"e-con-inner\">\n\t\t<div class=\"elementor-element elementor-element-735d07e8 e-con-full e-flex tm-col-stretched-none tm-bg-color-over-image e-con e-child\" data-id=\"735d07e8\" data-element_type=\"container\">\n\t\t\t\t<div class=\"elementor-element elementor-element-4624dfc0 elementor-widget elementor-widget-tm-ele-iconbox\" data-id=\"4624dfc0\" data-element_type=\"widget\" data-widget_type=\"tm-ele-iconbox.default\">\n\t\t\t\t<div class=\"elementor-widget-container\">\n\t\t\t\t\t<div class=\"tm-sc-icon-box icon-box icon-left font-icon icon-left animate-hover icon-rotate-y\">\r\n\t\r\n  \t<div class=\"icon-box-wrapper\">\r\n\t\t\r\n\t\t<div class=\"icon-wrapper\">\r\n\t\t<div class=\"icon icon-round icon-type-font-icon icon-size-default\">\r\n\t\t\t<svg xmlns=\"http:\/\/www.w3.org\/2000\/svg\" width=\"20\" height=\"20\" viewBox=\"0 0 20 20\" fill=\"none\"><g clip-path=\"url(#clip0_1_442)\"><path d=\"M10 19.8C8.06001 19.8 6.48001 18.22 6.48001 16.28C6.48001 14.64 7.20001 13.78 8.78001 12.32C9.40001 11.76 9.64001 11.28 9.64001 10.82V10.36H9.18001C8.64001 10.36 7.92001 10.9 7.02001 11.94C6.10001 13.02 5.00001 13.52 3.72001 13.52C1.78001 13.52 0.200012 11.94 0.200012 10C0.200012 8.06001 1.78001 6.48001 3.72001 6.48001C5.02001 6.48001 6.10001 7.02001 6.98001 8.04001C7.88001 9.06001 8.62001 9.60001 9.18001 9.60001H9.64001V9.20001C9.64001 8.74001 9.38001 8.26001 8.78001 7.70001L8.20001 7.16001C7.34001 6.36001 6.50001 5.32001 6.50001 3.74001C6.48001 1.78001 8.04001 0.200012 10 0.200012C11.94 0.200012 13.52 1.80001 13.52 3.72001C13.52 5.02001 12.98 6.10001 11.96 6.98001C10.94 7.88001 10.4 8.58001 10.4 9.18001V9.58001H10.8C11.38 9.58001 12.12 9.04001 13 8.02001C13.86 6.98001 14.96 6.46001 16.26 6.46001C18.22 6.48001 19.8 8.04001 19.8 10C19.8 11.94 18.22 13.52 16.28 13.52C14.68 13.52 13.7 12.72 12.32 11.22C11.76 10.6 11.28 10.36 10.82 10.36H10.42V10.82C10.42 11.4 10.94 12.18 11.98 13.02C13.02 13.86 13.54 14.96 13.54 16.28C13.52 18.22 11.96 19.8 10 19.8Z\" fill=\"#AA8453\"><\/path><\/g><defs><clipPath id=\"clip0_1_442\"><rect width=\"20\" height=\"20\" fill=\"white\"><\/rect><\/clipPath><\/defs><\/svg>\t\t<\/div>\r\n\r\n\t\t\t<\/div>\r\n\t\t\t<div class=\"icon-text\">\r\n\t\t\t\t\t\t\r\n\t\t\t\t<h5 class=\"icon-box-title \">\r\n\t\t\t\t\t\t\tSaun\u0103 finlandez\u0103\t\t\t\t\t<\/h5>\r\n\t\t\t\t\t\t\t\t\r\n\t\t\t\r\n\t\r\n\t\t\t\t\t<\/div>\r\n\t\t<div class=\"clearfix\"><\/div>\r\n\t<\/div>\r\n<\/div>\t\t\t\t<\/div>\n\t\t\t\t<\/div>\n\t\t\t\t<\/div>\n\t\t<div class=\"elementor-element elementor-element-6b8f0d98 e-con-full tm-col-stretched-none e-flex tm-bg-color-over-image e-con e-child\" data-id=\"6b8f0d98\" data-element_type=\"container\">\n\t\t\t\t<div class=\"elementor-element elementor-element-1f909387 elementor-widget elementor-widget-tm-ele-iconbox\" data-id=\"1f909387\" data-element_type=\"widget\" data-widget_type=\"tm-ele-iconbox.default\">\n\t\t\t\t<div class=\"elementor-widget-container\">\n\t\t\t\t\t<div class=\"tm-sc-icon-box icon-box icon-left font-icon icon-left animate-hover icon-rotate-y\">\r\n\t\r\n  \t<div class=\"icon-box-wrapper\">\r\n\t\t\r\n\t\t<div class=\"icon-wrapper\">\r\n\t\t<div class=\"icon icon-round icon-type-font-icon icon-size-default\">\r\n\t\t\t<svg xmlns=\"http:\/\/www.w3.org\/2000\/svg\" width=\"20\" height=\"20\" viewBox=\"0 0 20 20\" fill=\"none\"><g clip-path=\"url(#clip0_1_442)\"><path d=\"M10 19.8C8.06001 19.8 6.48001 18.22 6.48001 16.28C6.48001 14.64 7.20001 13.78 8.78001 12.32C9.40001 11.76 9.64001 11.28 9.64001 10.82V10.36H9.18001C8.64001 10.36 7.92001 10.9 7.02001 11.94C6.10001 13.02 5.00001 13.52 3.72001 13.52C1.78001 13.52 0.200012 11.94 0.200012 10C0.200012 8.06001 1.78001 6.48001 3.72001 6.48001C5.02001 6.48001 6.10001 7.02001 6.98001 8.04001C7.88001 9.06001 8.62001 9.60001 9.18001 9.60001H9.64001V9.20001C9.64001 8.74001 9.38001 8.26001 8.78001 7.70001L8.20001 7.16001C7.34001 6.36001 6.50001 5.32001 6.50001 3.74001C6.48001 1.78001 8.04001 0.200012 10 0.200012C11.94 0.200012 13.52 1.80001 13.52 3.72001C13.52 5.02001 12.98 6.10001 11.96 6.98001C10.94 7.88001 10.4 8.58001 10.4 9.18001V9.58001H10.8C11.38 9.58001 12.12 9.04001 13 8.02001C13.86 6.98001 14.96 6.46001 16.26 6.46001C18.22 6.48001 19.8 8.04001 19.8 10C19.8 11.94 18.22 13.52 16.28 13.52C14.68 13.52 13.7 12.72 12.32 11.22C11.76 10.6 11.28 10.36 10.82 10.36H10.42V10.82C10.42 11.4 10.94 12.18 11.98 13.02C13.02 13.86 13.54 14.96 13.54 16.28C13.52 18.22 11.96 19.8 10 19.8Z\" fill=\"#AA8453\"><\/path><\/g><defs><clipPath id=\"clip0_1_442\"><rect width=\"20\" height=\"20\" fill=\"white\"><\/rect><\/clipPath><\/defs><\/svg>\t\t<\/div>\r\n\r\n\t\t\t<\/div>\r\n\t\t\t<div class=\"icon-text\">\r\n\t\t\t\t\t\t\r\n\t\t\t\t<h5 class=\"icon-box-title \">\r\n\t\t\t\t\t\t\tJacuzzi 2 persoane\t\t\t\t\t<\/h5>\r\n\t\t\t\t\t\t\t\t\r\n\t\t\t\r\n\t\r\n\t\t\t\t\t<\/div>\r\n\t\t<div class=\"clearfix\"><\/div>\r\n\t<\/div>\r\n<\/div>\t\t\t\t<\/div>\n\t\t\t\t<\/div>\n\t\t\t\t<\/div>\n\t\t\t\t\t<\/div>\n\t\t\t\t<\/div>\n\t\t<div class=\"elementor-element elementor-element-76f390e tm-col-stretched-none e-flex e-con-boxed tm-bg-color-over-image e-con e-child\" data-id=\"76f390e\" data-element_type=\"container\">\n\t\t\t\t\t<div class=\"e-con-inner\">\n\t\t<div class=\"elementor-element elementor-element-afa1b2e e-con-full tm-col-stretched-none e-flex tm-bg-color-over-image e-con e-child\" data-id=\"afa1b2e\" data-element_type=\"container\">\n\t\t\t\t<div class=\"elementor-element elementor-element-219010c5 elementor-widget elementor-widget-tm-ele-iconbox\" data-id=\"219010c5\" data-element_type=\"widget\" data-widget_type=\"tm-ele-iconbox.default\">\n\t\t\t\t<div class=\"elementor-widget-container\">\n\t\t\t\t\t<div class=\"tm-sc-icon-box icon-box icon-left font-icon icon-left animate-hover icon-rotate-y\">\r\n\t\r\n  \t<div class=\"icon-box-wrapper\">\r\n\t\t\r\n\t\t<div class=\"icon-wrapper\">\r\n\t\t<div class=\"icon icon-round icon-type-font-icon icon-size-default\">\r\n\t\t\t<svg xmlns=\"http:\/\/www.w3.org\/2000\/svg\" width=\"20\" height=\"20\" viewBox=\"0 0 20 20\" fill=\"none\"><g clip-path=\"url(#clip0_1_442)\"><path d=\"M10 19.8C8.06001 19.8 6.48001 18.22 6.48001 16.28C6.48001 14.64 7.20001 13.78 8.78001 12.32C9.40001 11.76 9.64001 11.28 9.64001 10.82V10.36H9.18001C8.64001 10.36 7.92001 10.9 7.02001 11.94C6.10001 13.02 5.00001 13.52 3.72001 13.52C1.78001 13.52 0.200012 11.94 0.200012 10C0.200012 8.06001 1.78001 6.48001 3.72001 6.48001C5.02001 6.48001 6.10001 7.02001 6.98001 8.04001C7.88001 9.06001 8.62001 9.60001 9.18001 9.60001H9.64001V9.20001C9.64001 8.74001 9.38001 8.26001 8.78001 7.70001L8.20001 7.16001C7.34001 6.36001 6.50001 5.32001 6.50001 3.74001C6.48001 1.78001 8.04001 0.200012 10 0.200012C11.94 0.200012 13.52 1.80001 13.52 3.72001C13.52 5.02001 12.98 6.10001 11.96 6.98001C10.94 7.88001 10.4 8.58001 10.4 9.18001V9.58001H10.8C11.38 9.58001 12.12 9.04001 13 8.02001C13.86 6.98001 14.96 6.46001 16.26 6.46001C18.22 6.48001 19.8 8.04001 19.8 10C19.8 11.94 18.22 13.52 16.28 13.52C14.68 13.52 13.7 12.72 12.32 11.22C11.76 10.6 11.28 10.36 10.82 10.36H10.42V10.82C10.42 11.4 10.94 12.18 11.98 13.02C13.02 13.86 13.54 14.96 13.54 16.28C13.52 18.22 11.96 19.8 10 19.8Z\" fill=\"#AA8453\"><\/path><\/g><defs><clipPath id=\"clip0_1_442\"><rect width=\"20\" height=\"20\" fill=\"white\"><\/rect><\/clipPath><\/defs><\/svg>\t\t<\/div>\r\n\r\n\t\t\t<\/div>\r\n\t\t\t<div class=\"icon-text\">\r\n\t\t\t\t\t\t\r\n\t\t\t\t<h5 class=\"icon-box-title \">\r\n\t\t\t\t\t\t\tFotoliu de masaj\t\t\t\t\t<\/h5>\r\n\t\t\t\t\t\t\t\t\r\n\t\t\t\r\n\t\r\n\t\t\t\t\t<\/div>\r\n\t\t<div class=\"clearfix\"><\/div>\r\n\t<\/div>\r\n<\/div>\t\t\t\t<\/div>\n\t\t\t\t<\/div>\n\t\t\t\t<\/div>\n\t\t<div class=\"elementor-element elementor-element-59de4ff7 e-con-full tm-col-stretched-none e-flex tm-bg-color-over-image e-con e-child\" data-id=\"59de4ff7\" data-element_type=\"container\">\n\t\t\t\t<div class=\"elementor-element elementor-element-3a0545 elementor-widget elementor-widget-tm-ele-iconbox\" data-id=\"3a0545\" data-element_type=\"widget\" data-widget_type=\"tm-ele-iconbox.default\">\n\t\t\t\t<div class=\"elementor-widget-container\">\n\t\t\t\t\t<div class=\"tm-sc-icon-box icon-box icon-left font-icon icon-left animate-hover icon-rotate-y\">\r\n\t\r\n  \t<div class=\"icon-box-wrapper\">\r\n\t\t\r\n\t\t<div class=\"icon-wrapper\">\r\n\t\t<div class=\"icon icon-round icon-type-font-icon icon-size-default\">\r\n\t\t\t<svg xmlns=\"http:\/\/www.w3.org\/2000\/svg\" width=\"20\" height=\"20\" viewBox=\"0 0 20 20\" fill=\"none\"><g clip-path=\"url(#clip0_1_442)\"><path d=\"M10 19.8C8.06001 19.8 6.48001 18.22 6.48001 16.28C6.48001 14.64 7.20001 13.78 8.78001 12.32C9.40001 11.76 9.64001 11.28 9.64001 10.82V10.36H9.18001C8.64001 10.36 7.92001 10.9 7.02001 11.94C6.10001 13.02 5.00001 13.52 3.72001 13.52C1.78001 13.52 0.200012 11.94 0.200012 10C0.200012 8.06001 1.78001 6.48001 3.72001 6.48001C5.02001 6.48001 6.10001 7.02001 6.98001 8.04001C7.88001 9.06001 8.62001 9.60001 9.18001 9.60001H9.64001V9.20001C9.64001 8.74001 9.38001 8.26001 8.78001 7.70001L8.20001 7.16001C7.34001 6.36001 6.50001 5.32001 6.50001 3.74001C6.48001 1.78001 8.04001 0.200012 10 0.200012C11.94 0.200012 13.52 1.80001 13.52 3.72001C13.52 5.02001 12.98 6.10001 11.96 6.98001C10.94 7.88001 10.4 8.58001 10.4 9.18001V9.58001H10.8C11.38 9.58001 12.12 9.04001 13 8.02001C13.86 6.98001 14.96 6.46001 16.26 6.46001C18.22 6.48001 19.8 8.04001 19.8 10C19.8 11.94 18.22 13.52 16.28 13.52C14.68 13.52 13.7 12.72 12.32 11.22C11.76 10.6 11.28 10.36 10.82 10.36H10.42V10.82C10.42 11.4 10.94 12.18 11.98 13.02C13.02 13.86 13.54 14.96 13.54 16.28C13.52 18.22 11.96 19.8 10 19.8Z\" fill=\"#AA8453\"><\/path><\/g><defs><clipPath id=\"clip0_1_442\"><rect width=\"20\" height=\"20\" fill=\"white\"><\/rect><\/clipPath><\/defs><\/svg>\t\t<\/div>\r\n\r\n\t\t\t<\/div>\r\n\t\t\t<div class=\"icon-text\">\r\n\t\t\t\t\t\t\r\n\t\t\t\t<h5 class=\"icon-box-title \">\r\n\t\t\t\t\t\t\tMasaj de relaxare\t\t\t\t\t<\/h5>\r\n\t\t\t\t\t\t\t\t\r\n\t\t\t\r\n\t\r\n\t\t\t\t\t<\/div>\r\n\t\t<div class=\"clearfix\"><\/div>\r\n\t<\/div>\r\n<\/div>\t\t\t\t<\/div>\n\t\t\t\t<\/div>\n\t\t\t\t<\/div>\n\t\t\t\t\t<\/div>\n\t\t\t\t<\/div>\n\t\t\t\t<\/div>\n\t\t\t\t<\/div>\n\t\t\t\t\t<\/div>\n\t\t\t\t<\/div>\n\t\t<div class=\"elementor-element elementor-element-41f16bfc e-flex e-con-boxed tm-col-stretched-none tm-bg-color-over-image e-con e-parent\" data-id=\"41f16bfc\" data-element_type=\"container\">\n\t\t\t\t\t<div class=\"e-con-inner\">\n\t\t<div class=\"elementor-element elementor-element-88e2be8 e-con-full e-flex tm-col-stretched-none tm-bg-color-over-image e-con e-child\" data-id=\"88e2be8\" data-element_type=\"container\">\n\t\t<div class=\"elementor-element elementor-element-6e8625c4 e-con-full e-flex tm-col-stretched-none tm-bg-color-over-image e-con e-child\" data-id=\"6e8625c4\" data-element_type=\"container\" data-settings=\"{&quot;background_background&quot;:&quot;classic&quot;,&quot;background_motion_fx_motion_fx_scrolling&quot;:&quot;yes&quot;,&quot;background_motion_fx_translateY_effect&quot;:&quot;yes&quot;,&quot;background_motion_fx_translateY_speed&quot;:{&quot;unit&quot;:&quot;px&quot;,&quot;size&quot;:4,&quot;sizes&quot;:[]},&quot;background_motion_fx_translateY_affectedRange&quot;:{&quot;unit&quot;:&quot;%&quot;,&quot;size&quot;:&quot;&quot;,&quot;sizes&quot;:{&quot;start&quot;:0,&quot;end&quot;:100}},&quot;background_motion_fx_devices&quot;:[&quot;desktop&quot;,&quot;tablet&quot;,&quot;mobile&quot;]}\">\n\t\t\t\t<\/div>\n\t\t<div class=\"elementor-element elementor-element-01b0796 e-con-full e-flex tm-col-stretched-none tm-bg-color-over-image e-con e-child\" data-id=\"01b0796\" data-element_type=\"container\" data-settings=\"{&quot;background_background&quot;:&quot;classic&quot;,&quot;background_motion_fx_motion_fx_scrolling&quot;:&quot;yes&quot;,&quot;background_motion_fx_translateY_effect&quot;:&quot;yes&quot;,&quot;background_motion_fx_translateY_speed&quot;:{&quot;unit&quot;:&quot;px&quot;,&quot;size&quot;:4,&quot;sizes&quot;:[]},&quot;background_motion_fx_translateY_affectedRange&quot;:{&quot;unit&quot;:&quot;%&quot;,&quot;size&quot;:&quot;&quot;,&quot;sizes&quot;:{&quot;start&quot;:0,&quot;end&quot;:100}},&quot;background_motion_fx_devices&quot;:[&quot;desktop&quot;,&quot;tablet&quot;,&quot;mobile&quot;]}\">\n\t\t\t\t<\/div>\n\t\t\t\t<\/div>\n\t\t\t\t\t<\/div>\n\t\t\t\t<\/div>\n\t\t\t\t<\/div>\n\t\t","protected":false},"excerpt":{"rendered":"<p>Aris Boutique Hotel &#038; SPA Centru SPA R\u0103sfa\u021b\u0103-\u021bi sim\u021burile \u0219i las\u0103 grijile deoparte \u00een centrul nostru spa intim \u0219i rafinat&#8230;.<\/p>\n","protected":false},"author":1,"featured_media":0,"parent":0,"menu_order":0,"comment_status":"closed","ping_status":"closed","template":"","meta":{"footnotes":""},"class_list":["post-9700","page","type-page","status-publish","hentry"],"aioseo_notices":[],"_links":{"self":[{"href":"https:\/\/arishotel.ro\/hu\/wp-json\/wp\/v2\/pages\/9700","targetHints":{"allow":["GET"]}}],"collection":[{"href":"https:\/\/arishotel.ro\/hu\/wp-json\/wp\/v2\/pages"}],"about":[{"href":"https:\/\/arishotel.ro\/hu\/wp-json\/wp\/v2\/types\/page"}],"author":[{"embeddable":true,"href":"https:\/\/arishotel.ro\/hu\/wp-json\/wp\/v2\/users\/1"}],"replies":[{"embeddable":true,"href":"https:\/\/arishotel.ro\/hu\/wp-json\/wp\/v2\/comments?post=9700"}],"version-history":[{"count":4,"href":"https:\/\/arishotel.ro\/hu\/wp-json\/wp\/v2\/pages\/9700\/revisions"}],"predecessor-version":[{"id":9724,"href":"https:\/\/arishotel.ro\/hu\/wp-json\/wp\/v2\/pages\/9700\/revisions\/9724"}],"wp:attachment":[{"href":"https:\/\/arishotel.ro\/hu\/wp-json\/wp\/v2\/media?parent=9700"}],"curies":[{"name":"wp","href":"https:\/\/api.w.org\/{rel}","templated":true}]}}